{"id":3743,"date":"2026-04-07T10:45:45","date_gmt":"2026-04-07T08:45:45","guid":{"rendered":"https:\/\/www.museumsufercard.de\/2-tages-tickets\/"},"modified":"2026-04-07T16:21:53","modified_gmt":"2026-04-07T14:21:53","slug":"2-tages-tickets","status":"publish","type":"page","link":"https:\/\/www.museumsufercard.de\/en\/2-tages-tickets\/","title":{"rendered":"2-Tages-Tickets"},"content":{"rendered":"\n<section class=\"muc_banner  limited-container\">\n\n\t\t\t<img\n\t\t\tsrc=\"https:\/\/www.museumsufercard.de\/wp-content\/uploads\/2026\/04\/museumsuferticket-2026.jpg\"\n\t\t\talt=\"\"\n\t\t\/>\n\t\n\t\t\t<div class=\"muc_banner__content-wrapper wide-container\">\n\n\t\t\t\n\t\t\t\t\t\t\t<div class=\"muc_banner__title\">\n\t\t\t\t\t<h1 class=\"muc_banner__main-title\">\n\t\t\t\t\t\tMuseumsuferTicket\t\t\t\t\t<\/h1>\n\n\t\t\t\t\t\t\t\t\t\t\t<h2 class=\"muc_banner__sub-title\">\n\t\t\t\t\t\t\t2 days, 39 museums\t\t\t\t\t\t<\/h2>\n\t\t\t\t\t\t\t\t\t<\/div>\n\t\t\t\n\t\t<\/div>\n\t\n<\/section>\n<h2 class=\"wp-block-heading\">Pure culture for tourists, trade fair visitors and Frankfurters<\/h2>\n\n<p class=\"has-large-font-size\">Are you vacationing in Frankfurt or just passing through? Need a break from the hustle and bustle of the trade fair? Want to show your guests the cultural side of the city? Or are you a Frankfurt resident looking for a change of pace and inspiration for all your senses?<\/p>\n\n<p class=\"has-large-font-size\">Explore the entire museum landscape in Frankfurt am Main and the surrounding area on two consecutive days with the MuseumsuferTicket. Visit major institutions such as the SCHIRN and the Museum Angewandte Kunst or insider tips such as the Ikonenmuseum am Schaumainkai, the Caricatura in the new Old Town and the Klingspor Museum in Offenbach with all its permanent exhibitions and temporary special exhibitions. 39 museums are waiting to be discovered!<\/p>\n\n<div style=\"height:var(--wp--preset--spacing--50)\" aria-hidden=\"true\" class=\"wp-block-spacer\"><\/div>\n\n<div class=\"muc_products muc_products--desktop wide-container\">\n\t\t\t\t\t<a class=\"muc_product\" href=\"https:\/\/www.museumsufercard.de\/en\/produkt\/2-day-single-ticket\/\" target=\"_self\">\n\t\t\t<div class=\"muc_product__content-wrapper\">\n\t\t\t<img loading=\"lazy\" decoding=\"async\" width=\"882\" height=\"1030\" src=\"https:\/\/www.museumsufercard.de\/wp-content\/uploads\/2026\/04\/museumsuferticket-produkt-thumb.jpg\" class=\"attachment-full size-full\" alt=\"\" srcset=\"https:\/\/www.museumsufercard.de\/wp-content\/uploads\/2026\/04\/museumsuferticket-produkt-thumb.jpg 882w, https:\/\/www.museumsufercard.de\/wp-content\/uploads\/2026\/04\/museumsuferticket-produkt-thumb-257x300.jpg 257w, https:\/\/www.museumsufercard.de\/wp-content\/uploads\/2026\/04\/museumsuferticket-produkt-thumb-877x1024.jpg 877w, https:\/\/www.museumsufercard.de\/wp-content\/uploads\/2026\/04\/museumsuferticket-produkt-thumb-768x897.jpg 768w, https:\/\/www.museumsufercard.de\/wp-content\/uploads\/2026\/04\/museumsuferticket-produkt-thumb-600x701.jpg 600w\" sizes=\"auto, (max-width: 882px) 100vw, 882px\" \/>\t\t\t<div class=\"muc_product__content\">\n\t\t\t\t<p class=\"red-text\">2-Day Single Ticket<\/p>\n\t\t\t\t<p><span class=\"red-text\">39<\/span> Museen<br \/>\n<span class=\"red-text\">2<\/span> Tage<\/p>\n<p><span class=\"red-text\">21<\/span> \u20ac <small>+ 0,50 \u20ac VVK-Geb\u00fchr<\/small><\/p>\n\t\t\t<\/div>\n\t\t<\/div>\n\t\t\t<div class=\"muc_product__button\">Buy single ticket<\/div>\n\t<\/a>\n\t\t\t\t\t\t<a class=\"muc_product\" href=\"https:\/\/www.museumsufercard.de\/en\/produkt\/2-day-family-ticket\/\" target=\"_self\">\n\t\t\t<div class=\"muc_product__content-wrapper\">\n\t\t\t<img loading=\"lazy\" decoding=\"async\" width=\"882\" height=\"1030\" src=\"https:\/\/www.museumsufercard.de\/wp-content\/uploads\/2026\/04\/museumsuferticket-produkt-thumb.jpg\" class=\"attachment-full size-full\" alt=\"\" srcset=\"https:\/\/www.museumsufercard.de\/wp-content\/uploads\/2026\/04\/museumsuferticket-produkt-thumb.jpg 882w, https:\/\/www.museumsufercard.de\/wp-content\/uploads\/2026\/04\/museumsuferticket-produkt-thumb-257x300.jpg 257w, https:\/\/www.museumsufercard.de\/wp-content\/uploads\/2026\/04\/museumsuferticket-produkt-thumb-877x1024.jpg 877w, https:\/\/www.museumsufercard.de\/wp-content\/uploads\/2026\/04\/museumsuferticket-produkt-thumb-768x897.jpg 768w, https:\/\/www.museumsufercard.de\/wp-content\/uploads\/2026\/04\/museumsuferticket-produkt-thumb-600x701.jpg 600w\" sizes=\"auto, (max-width: 882px) 100vw, 882px\" \/>\t\t\t<div class=\"muc_product__content\">\n\t\t\t\t<p class=\"red-text\">2-Day Family Ticket<\/p>\n\t\t\t\t<p><span class=\"red-text\">39<\/span> Museen<br \/>\n<span class=\"red-text\">2<\/span> Tage<br \/>\n<span class=\"red-text\">2<\/span> Erwachsene<br \/>\n<span class=\"red-text\">+<\/span> Kinder | Enkel:innen<\/p>\n<p><span class=\"red-text\">32<\/span> \u20ac <small>+ 0,50 \u20ac VVK-Geb\u00fchr<\/small><\/p>\n\t\t\t<\/div>\n\t\t<\/div>\n\t\t\t<div class=\"muc_product__button\">Buy family ticket<\/div>\n\t<\/a>\n\t\t<\/div>\n\n<div class=\"muc_products muc_products--mobile swiper wide-container\">\n\t<div class=\"swiper-wrapper\">\n\t\t\t\t\t\t\t\t\t<a class=\"muc_product swiper-slide\" href=\"https:\/\/www.museumsufercard.de\/en\/produkt\/2-day-single-ticket\/\" target=\"_self\">\n\t\t\t\t\t<div class=\"muc_product__content-wrapper\">\n\t\t\t\t<img loading=\"lazy\" decoding=\"async\" width=\"882\" height=\"1030\" src=\"https:\/\/www.museumsufercard.de\/wp-content\/uploads\/2026\/04\/museumsuferticket-produkt-thumb.jpg\" class=\"attachment-full size-full\" alt=\"\" srcset=\"https:\/\/www.museumsufercard.de\/wp-content\/uploads\/2026\/04\/museumsuferticket-produkt-thumb.jpg 882w, https:\/\/www.museumsufercard.de\/wp-content\/uploads\/2026\/04\/museumsuferticket-produkt-thumb-257x300.jpg 257w, https:\/\/www.museumsufercard.de\/wp-content\/uploads\/2026\/04\/museumsuferticket-produkt-thumb-877x1024.jpg 877w, https:\/\/www.museumsufercard.de\/wp-content\/uploads\/2026\/04\/museumsuferticket-produkt-thumb-768x897.jpg 768w, https:\/\/www.museumsufercard.de\/wp-content\/uploads\/2026\/04\/museumsuferticket-produkt-thumb-600x701.jpg 600w\" sizes=\"auto, (max-width: 882px) 100vw, 882px\" \/>\t\t\t\t<div class=\"muc_product__content\">\n\t\t\t\t\t<p class=\"red-text\">2-Day Single Ticket<\/p>\n\t\t\t\t\t<p><span class=\"red-text\">39<\/span> Museen<br \/>\n<span class=\"red-text\">2<\/span> Tage<\/p>\n<p><span class=\"red-text\">21<\/span> \u20ac <small>+ 0,50 \u20ac VVK-Geb\u00fchr<\/small><\/p>\n\t\t\t\t<\/div>\n\t\t\t<\/div>\n\t\t\t\t\t<div class=\"muc_product__button\">Buy single ticket<\/div>\n\t\t<\/a>\n\t\t\t\t\t\t\t\t\t\t\t<a class=\"muc_product swiper-slide\" href=\"https:\/\/www.museumsufercard.de\/en\/produkt\/2-day-family-ticket\/\" target=\"_self\">\n\t\t\t\t\t<div class=\"muc_product__content-wrapper\">\n\t\t\t\t<img loading=\"lazy\" decoding=\"async\" width=\"882\" height=\"1030\" src=\"https:\/\/www.museumsufercard.de\/wp-content\/uploads\/2026\/04\/museumsuferticket-produkt-thumb.jpg\" class=\"attachment-full size-full\" alt=\"\" srcset=\"https:\/\/www.museumsufercard.de\/wp-content\/uploads\/2026\/04\/museumsuferticket-produkt-thumb.jpg 882w, https:\/\/www.museumsufercard.de\/wp-content\/uploads\/2026\/04\/museumsuferticket-produkt-thumb-257x300.jpg 257w, https:\/\/www.museumsufercard.de\/wp-content\/uploads\/2026\/04\/museumsuferticket-produkt-thumb-877x1024.jpg 877w, https:\/\/www.museumsufercard.de\/wp-content\/uploads\/2026\/04\/museumsuferticket-produkt-thumb-768x897.jpg 768w, https:\/\/www.museumsufercard.de\/wp-content\/uploads\/2026\/04\/museumsuferticket-produkt-thumb-600x701.jpg 600w\" sizes=\"auto, (max-width: 882px) 100vw, 882px\" \/>\t\t\t\t<div class=\"muc_product__content\">\n\t\t\t\t\t<p class=\"red-text\">2-Day Family Ticket<\/p>\n\t\t\t\t\t<p><span class=\"red-text\">39<\/span> Museen<br \/>\n<span class=\"red-text\">2<\/span> Tage<br \/>\n<span class=\"red-text\">2<\/span> Erwachsene<br \/>\n<span class=\"red-text\">+<\/span> Kinder | Enkel:innen<\/p>\n<p><span class=\"red-text\">32<\/span> \u20ac <small>+ 0,50 \u20ac VVK-Geb\u00fchr<\/small><\/p>\n\t\t\t\t<\/div>\n\t\t\t<\/div>\n\t\t\t\t\t<div class=\"muc_product__button\">Buy family ticket<\/div>\n\t\t<\/a>\n\t\t\t\t\t<\/div>\n\n\t<div class=\"swiper-button-prev\"><\/div>\n\t<div class=\"swiper-button-next\"><\/div>\n\n\t<div class=\"swiper-pagination\"><\/div>\n<\/div>\n\n<div style=\"height:80px\" aria-hidden=\"true\" class=\"wp-block-spacer\"><\/div>\n\n<p class=\"has-large-font-size\"><mark style=\"background-color:rgba(0, 0, 0, 0)\" class=\"has-inline-color has-red-color\">Reduced tickets<\/mark> are available directly from the museums and advance booking offices on presentation of proof. The reduced MuseumsuferTicket is valid for children from 6 to 18 years of age, pupils, trainees, students (not students of the University of the 3rd age U3L), volunteers, unemployed persons, persons with a degree of disability (GdB) from 50, Frankfurt Pass \/ Culture Pass holders.<\/p>\n\n<div class=\"wp-block-group has-global-padding is-layout-constrained wp-block-group-is-layout-constrained\">\n<div style=\"height:var(--wp--preset--spacing--50)\" aria-hidden=\"true\" class=\"wp-block-spacer\"><\/div>\n\n\n\n<p class=\"has-red-color has-pink-background-color has-text-color has-background has-link-color wp-elements-eca1c134ba922a60ae24a923af3b4653\"><strong>Please note!<\/strong><br\/><br\/>Das MuseumsuferTicket ist nicht \u00fcbertragbar und gilt nur unter Vorlage eines g\u00fcltigen Ausweises.<br\/><br\/>Das MuseumsuferTicket gilt nicht f\u00fcr Sonderveranstaltungen in den Museen (z.B. F\u00fchrungen, Workshops oder Vortr\u00e4ge).<br\/><br\/>The MuseumsuferTicket is valid for two consecutive days. If you would like to visit a museum that is closed on the second day of your time window, the validity of your ticket will be extended by one day. This allows you to visit the selected museum on the following day.  <\/p>\n\n\n\n<div style=\"height:var(--wp--preset--spacing--80)\" aria-hidden=\"true\" class=\"wp-block-spacer\"><\/div>\n<\/div>\n","protected":false},"excerpt":{"rendered":"<p>Pure culture for tourists, trade fair visitors and Frankfurters Are you vacationing in Frankfurt or just passing through? Need a break from the hustle and bustle of the trade fair? Want to show your guests the cultural side of the city? Or are you a Frankfurt resident looking for a change of pace and inspiration [&hellip;]<\/p>\n","protected":false},"author":1,"featured_media":0,"parent":0,"menu_order":2,"comment_status":"closed","ping_status":"closed","template":"no-title-museumsuferticket","meta":{"_acf_changed":false,"_seopress_robots_primary_cat":"","_seopress_titles_title":"","_seopress_titles_desc":"","_seopress_robots_index":"","inline_featured_image":false,"footnotes":""},"class_list":["post-3743","page","type-page","status-publish","hentry"],"acf":[],"_links":{"self":[{"href":"https:\/\/www.museumsufercard.de\/en\/wp-json\/wp\/v2\/pages\/3743","targetHints":{"allow":["GET"]}}],"collection":[{"href":"https:\/\/www.museumsufercard.de\/en\/wp-json\/wp\/v2\/pages"}],"about":[{"href":"https:\/\/www.museumsufercard.de\/en\/wp-json\/wp\/v2\/types\/page"}],"author":[{"embeddable":true,"href":"https:\/\/www.museumsufercard.de\/en\/wp-json\/wp\/v2\/users\/1"}],"replies":[{"embeddable":true,"href":"https:\/\/www.museumsufercard.de\/en\/wp-json\/wp\/v2\/comments?post=3743"}],"version-history":[{"count":1,"href":"https:\/\/www.museumsufercard.de\/en\/wp-json\/wp\/v2\/pages\/3743\/revisions"}],"predecessor-version":[{"id":3745,"href":"https:\/\/www.museumsufercard.de\/en\/wp-json\/wp\/v2\/pages\/3743\/revisions\/3745"}],"wp:attachment":[{"href":"https:\/\/www.museumsufercard.de\/en\/wp-json\/wp\/v2\/media?parent=3743"}],"curies":[{"name":"wp","href":"https:\/\/api.w.org\/{rel}","templated":true}]}}